{"id":1841,"date":"2021-10-15T10:33:57","date_gmt":"2021-10-15T10:33:57","guid":{"rendered":"http:\/\/simic-partnerji.si\/?page_id=1841"},"modified":"2021-11-04T08:06:47","modified_gmt":"2021-11-04T08:06:47","slug":"contact","status":"publish","type":"page","link":"https:\/\/simic-partnerji.si\/en\/contact\/","title":{"rendered":"Contact"},"content":{"rendered":"\n\t<section class=\"section dark\" id=\"section_1420910260\">\n\t\t<div class=\"section-bg fill\" >\n\t\t\t\t\t\t\t\t\t\n\t\t\t\n\n\t\t<\/div>\n\n\t\t\n\n\t\t<div class=\"section-content relative\">\n\t\t\t\n\t\t<\/div>\n\n\t\t\n<style>\n#section_1420910260 {\n  padding-top: 70px;\n  padding-bottom: 70px;\n  background-color: rgb(39, 39, 39);\n}\n<\/style>\n\t<\/section>\n\t\n\n\t<section class=\"section contacto\" id=\"section_2063915525\">\n\t\t<div class=\"section-bg fill\" >\n\t\t\t\t\t\t\t\t\t\n\t\t\t\n\n\t\t<\/div>\n\n\t\t\n\n\t\t<div class=\"section-content relative\">\n\t\t\t\n<div class=\"row align-equal align-center kont-row\" style=\"max-width:85%\" id=\"row-1319526500\">\n\n\t<div id=\"col-464508064\" class=\"col mrgn p-off small-12 large-12\"  >\n\t\t\t\t<div class=\"col-inner text-center\"  >\n\t\t\t\n\t\t\t\n<div class=\"row align-equal align-center\"  id=\"row-1220261360\">\n\n\t<div id=\"col-1745950681\" class=\"col p-off medium-12 small-12 large-6\"  >\n\t\t\t\t<div class=\"col-inner text-center\"  >\n\t\t\t\n\t\t\t\n<h2 class=\"page-tit\" style=\"font-family: 'Regular' !important;\">CONTACT<\/h2>\n\n\t\t<div class=\"icon-box featured-box icon-box-top text-left\"  >\n\t\t\t\t<div class=\"icon-box-text last-reset\">\n\t\t\t\t\t\t\t\t\t\n<p class=\"foot-menu-tit2 no-odmik\" style=\"text-align: center;\">SIMI\u010c &amp; PARTNERJI d.o.o<\/p>\n<ul>\n<li style=\"text-align: center;\"><span>Parmova ulica 53,<br \/>1000 Ljubljana, Slovenija<\/span><\/li>\n<li style=\"text-align: center;\"><a class=\"link-foot link-color\" href=\"mailto:info@simic-partnerji.si\">info@simic-partnerji.si<\/a><\/li>\n<\/ul>\n<p class=\"foot-menu-tit\" style=\"margin-bottom: 0px; text-align: center;\">tax advisory department<\/p>\n<ul style=\"text-align: center;\">\n<li><a class=\"link-foot\" href=\"tel:0038613000600\">01\/3000-600<\/a><\/li>\n<\/ul>\n<p class=\"foot-menu-tit\" style=\"margin-bottom: 0px; text-align: center;\">accounting department\n<\/p>\n<ul>\n<li style=\"text-align: center;\"><a class=\"link-foot\" href=\"tel:0038613000600\">01\/3000-600<\/a><\/li>\n<\/ul>\n\t\t<\/div>\n\t<\/div>\n\t\n\t\n\t\t<\/div>\n\t\t\t\t\t<\/div>\n\n\t\n\n\t<div id=\"col-727430856\" class=\"col forma p-off medium-12 small-12 large-6\"  >\n\t\t\t\t<div class=\"col-inner text-center\"  >\n\t\t\t\n\t\t\t\n<h2 class=\"page-tit\" style=\"font-family: 'Regular' !important;\">WRITE US<\/h2>\n\t<div id=\"gap-1330405194\" class=\"gap-element clearfix\" style=\"display:block; height:auto;\">\n\t\t\n<style>\n#gap-1330405194 {\n  padding-top: 20px;\n}\n<\/style>\n\t<\/div>\n\t\n\n<div class=\"wpcf7 no-js\" id=\"wpcf7-f2002-o1\" lang=\"en-US\" dir=\"ltr\" data-wpcf7-id=\"2002\">\n<div class=\"screen-reader-response\"><p role=\"status\" aria-live=\"polite\" aria-atomic=\"true\"><\/p> <ul><\/ul><\/div>\n<form action=\"\/en\/wp-json\/wp\/v2\/pages\/1841#wpcf7-f2002-o1\" method=\"post\" class=\"wpcf7-form init\" aria-label=\"Contact form\" novalidate=\"novalidate\" data-status=\"init\">\n<fieldset class=\"hidden-fields-container\"><input type=\"hidden\" name=\"_wpcf7\" value=\"2002\" \/><input type=\"hidden\" name=\"_wpcf7_version\" value=\"6.1.5\" \/><input type=\"hidden\" name=\"_wpcf7_locale\" value=\"en_US\" \/><input type=\"hidden\" name=\"_wpcf7_unit_tag\" value=\"wpcf7-f2002-o1\" \/><input type=\"hidden\" name=\"_wpcf7_container_post\" value=\"0\" \/><input type=\"hidden\" name=\"_wpcf7_posted_data_hash\" value=\"\" \/><input type=\"hidden\" name=\"_wpcf7_recaptcha_response\" value=\"\" \/>\n<\/fieldset>\n<input class=\"wpcf7-form-control wpcf7-hidden\" id=\"thankyouURL\" value=\"http:\/\/simic-partnerji.si\/en\/thanks-for-your-trust\/\" type=\"hidden\" name=\"thankyouURL\" \/>\n<div class=\"flexanje\">\n\t<p><span class=\"wpcf7-form-control-wrap\" data-name=\"your-name\"><input size=\"40\" maxlength=\"400\" class=\"wpcf7-form-control wpcf7-text wpcf7-validates-as-required\" aria-required=\"true\" aria-invalid=\"false\" placeholder=\"Name and surname\" value=\"\" type=\"text\" name=\"your-name\" \/><\/span>\n\t<\/p>\n\t<p><span class=\"wpcf7-form-control-wrap\" data-name=\"company\"><input size=\"40\" maxlength=\"400\" class=\"wpcf7-form-control wpcf7-text\" aria-invalid=\"false\" placeholder=\"company\" value=\"\" type=\"text\" name=\"company\" \/><\/span>\n\t<\/p>\n\t<p><span class=\"wpcf7-form-control-wrap\" data-name=\"email\"><input size=\"40\" maxlength=\"400\" class=\"wpcf7-form-control wpcf7-email wpcf7-validates-as-required wpcf7-text wpcf7-validates-as-email\" aria-required=\"true\" aria-invalid=\"false\" placeholder=\"Email\" value=\"\" type=\"email\" name=\"email\" \/><\/span>\n\t<\/p>\n\t<p><span class=\"wpcf7-form-control-wrap\" data-name=\"tel-355\"><input size=\"40\" maxlength=\"400\" class=\"wpcf7-form-control wpcf7-tel wpcf7-validates-as-required wpcf7-text wpcf7-validates-as-tel\" aria-required=\"true\" aria-invalid=\"false\" placeholder=\"Phone\" value=\"\" type=\"tel\" name=\"tel-355\" \/><\/span>\n\t<\/p>\n<\/div>\n<p><span class=\"wpcf7-form-control-wrap\" data-name=\"davcna\"><input size=\"40\" maxlength=\"400\" class=\"wpcf7-form-control wpcf7-text\" aria-invalid=\"false\" placeholder=\"VAT number\" value=\"\" type=\"text\" name=\"davcna\" \/><\/span>\n<\/p>\n<p><span class=\"wpcf7-form-control-wrap\" data-name=\"textarea-208\"><textarea cols=\"40\" rows=\"10\" maxlength=\"2000\" class=\"wpcf7-form-control wpcf7-textarea\" aria-invalid=\"false\" placeholder=\"Message\" name=\"textarea-208\"><\/textarea><\/span>\n<\/p>\n<p><span id=\"wpcf7-69f35f1cc1083-wrapper\" class=\"wpcf7-form-control-wrap spletna-stran-wrap\" style=\"display:none !important; visibility:hidden !important;\"><label for=\"wpcf7-69f35f1cc1083-field\" class=\"hp-message\">Please leave this field empty.<\/label><input id=\"wpcf7-69f35f1cc1083-field\"  placeholder=\"Please leave this field empty\"  class=\"wpcf7-form-control wpcf7-text\" type=\"text\" name=\"spletna-stran\" value=\"\" size=\"40\" tabindex=\"-1\" autocomplete=\"new-password\" \/><\/span>\n<\/p>\n<p><input class=\"wpcf7-form-control wpcf7-submit has-spinner button\" type=\"submit\" value=\"Submit\" \/>\n<\/p>\n<p><script>\ndocument.addEventListener( 'wpcf7mailsent', function( event ) {\n var thankyouURL = document.getElementById(\"thankyouURL\").value;\n location = thankyouURL;\n}, false );\n<\/script>\n<\/p><input type='hidden' class='wpcf7-pum' value='{\"closepopup\":false,\"closedelay\":0,\"openpopup\":false,\"openpopup_id\":0}' \/><div class=\"wpcf7-response-output\" aria-hidden=\"true\"><\/div>\n<\/form>\n<\/div>\n\n<p style=\"text-align: center;\">We are at your disposal for any questions and information. <br \/>You can send us your message via the contact form or call us.<\/p>\n\t\t<\/div>\n\t\t\t\t\t<\/div>\n\n\t\n\n<style>\n#row-1220261360 > .col > .col-inner {\n  padding: 40px 40px 40px 40px;\n  background-color: rgb(255,255,255);\n}\n<\/style>\n<\/div>\n\t\t<\/div>\n\t\t\t\t\n<style>\n#col-464508064 > .col-inner {\n  margin: -100px 0px 0px 0px;\n}\n<\/style>\n\t<\/div>\n\n\t\n<\/div>\n\t\t<\/div>\n\n\t\t\n<style>\n#section_2063915525 {\n  padding-top: 30px;\n  padding-bottom: 30px;\n  background-color: rgb(244, 244, 244);\n}\n<\/style>\n\t<\/section>\n\t\n\n\t<section class=\"section\" id=\"section_175066767\">\n\t\t<div class=\"section-bg fill\" >\n\t\t\t\t\t\t\t\t\t\n\t\t\t\n\n\t\t<\/div>\n\n\t\t\n\n\t\t<div class=\"section-content relative\">\n\t\t\t\n\n\t<script type=\"text\/javascript\">\n  jQuery( document ).ready(function() {\n    function initialize() {\n        var styles = {\n            'flatsome':  [{\n            \"featureType\": \"administrative\",\n            \"stylers\": [\n              { \"visibility\": \"on\" }\n            ]\n          },\n          {\n            \"featureType\": \"road\",\n            \"stylers\": [\n              { \"visibility\": \"on\" },\n              { \"hue\": \"#860038\" }\n            ]\n          },\n          {\n            \"stylers\": [\n\t\t\t  { \"visibility\": \"on\" },\n\t\t\t  { \"hue\": \"#860038\" },\n\t\t\t  { \"saturation\": -30 }\n            ]\n          }\n        ]};\n\n        var myLatlng = new google.maps.LatLng(46.065329172556, 14.50275431365);\n        var myOptions = {\n            zoom: 17,\n            center: myLatlng,\n            mapTypeId: google.maps.MapTypeId.ROADMAP,\n            disableDefaultUI: true,\n            mapTypeId: 'flatsome',\n            draggable: true,\n            zoomControl: false,\n            zoomControlOptions: {\n              position: google.maps.ControlPosition.TOP_LEFT\n            },\n      \t\t\tmapTypeControl: false,\n            mapTypeControlOptions: {\n              position: google.maps.ControlPosition.TOP_LEFT\n            },\n      \t\t\tstreetViewControl: false,\n            streetViewControlOptions: {\n              position: google.maps.ControlPosition.TOP_LEFT\n            },\n            scrollwheel: false,\n            disableDoubleClickZoom: true\n        }\n        var map = new google.maps.Map(document.getElementById(\"map-2859330851-inner\"), myOptions);\n        var styledMapType = new google.maps.StyledMapType(styles['flatsome'], {name: 'flatsome'});\n        map.mapTypes.set('flatsome', styledMapType);\n\n        var marker = new google.maps.Marker({\n            position: myLatlng,\n            map: map,\n            title:\"\"\n        });\n    }\n\n    \/\/ Required to proceed\n    if (!(typeof google === 'object' && typeof google.maps === 'object')) {\n      return\n    }\n\n    initialize()\n    google.maps.event.addDomListener(window, 'resize', initialize);\n    });\n    <\/script>\n\n    <div class=\"google-map relative mb\" id=\"map-2859330851\">\n        <div class=\"map-height\" id=\"map-2859330851-inner\"><\/div>\n        <div id=\"map_overlay_top\"><\/div>\n        <div id=\"map_overlay_bottom\"><\/div>\n         \n       \n<style>\n#map-2859330851 .map-inner {\n  background-color: #fff;\n  max-width: 100%;\n}\n#map-2859330851 .map-height {\n  height: 250px;\n}\n@media (min-width:550px) {\n  #map-2859330851 .map-inner {\n    max-width: 40%;\n  }\n}\n@media (min-width:850px) {\n  #map-2859330851 .map-inner {\n    max-width: 30%;\n  }\n}\n<\/style>\n    <\/div>\n\n\t\n\t\t<\/div>\n\n\t\t\n<style>\n#section_175066767 {\n  padding-top: 0px;\n  padding-bottom: 0px;\n}\n<\/style>\n\t<\/section>\n\t\n","protected":false},"excerpt":{"rendered":"","protected":false},"author":4,"featured_media":0,"parent":0,"menu_order":0,"comment_status":"closed","ping_status":"closed","template":"page-blank.php","meta":{"footnotes":""},"class_list":["post-1841","page","type-page","status-publish","hentry"],"yoast_head":"<!-- This site is optimized with the Yoast SEO plugin v27.4 - https:\/\/yoast.com\/product\/yoast-seo-wordpress\/ -->\n<title>Contacts for tax and accounting services - SIMI\u010c &amp; PARTNERJI d.o.o.<\/title>\n<meta name=\"description\" content=\"For tax advice and accounting services or cooperation, contact us via our contact form, via e-mail or via telephone.\" \/>\n<meta name=\"robots\" content=\"index, follow, max-snippet:-1, max-image-preview:large, max-video-preview:-1\" \/>\n<link rel=\"canonical\" href=\"https:\/\/simic-partnerji.si\/en\/contact\/\" \/>\n<meta property=\"og:locale\" content=\"en_US\" \/>\n<meta property=\"og:type\" content=\"article\" \/>\n<meta property=\"og:title\" content=\"Contacts for tax and accounting services - SIMI\u010c &amp; PARTNERJI d.o.o.\" \/>\n<meta property=\"og:description\" content=\"For tax advice and accounting services or cooperation, contact us via our contact form, via e-mail or via telephone.\" \/>\n<meta property=\"og:url\" content=\"https:\/\/simic-partnerji.si\/en\/contact\/\" \/>\n<meta property=\"og:site_name\" content=\"SIMI\u010c &amp; PARTNERJI d.o.o.\" \/>\n<meta property=\"article:publisher\" content=\"https:\/\/www.facebook.com\/simicpartnerji\/\" \/>\n<meta property=\"article:modified_time\" content=\"2021-11-04T08:06:47+00:00\" \/>\n<meta name=\"twitter:card\" content=\"summary_large_image\" \/>\n<meta name=\"twitter:label1\" content=\"Est. reading time\" \/>\n\t<meta name=\"twitter:data1\" content=\"1 minute\" \/>\n<script type=\"application\/ld+json\" class=\"yoast-schema-graph\">{\"@context\":\"https:\\\/\\\/schema.org\",\"@graph\":[{\"@type\":\"WebPage\",\"@id\":\"https:\\\/\\\/simic-partnerji.si\\\/en\\\/contact\\\/\",\"url\":\"https:\\\/\\\/simic-partnerji.si\\\/en\\\/contact\\\/\",\"name\":\"Contacts for tax and accounting services - SIMI\u010c &amp; PARTNERJI d.o.o.\",\"isPartOf\":{\"@id\":\"https:\\\/\\\/simic-partnerji.si\\\/en\\\/#website\"},\"datePublished\":\"2021-10-15T10:33:57+00:00\",\"dateModified\":\"2021-11-04T08:06:47+00:00\",\"description\":\"For tax advice and accounting services or cooperation, contact us via our contact form, via e-mail or via telephone.\",\"breadcrumb\":{\"@id\":\"https:\\\/\\\/simic-partnerji.si\\\/en\\\/contact\\\/#breadcrumb\"},\"inLanguage\":\"en-US\",\"potentialAction\":[{\"@type\":\"ReadAction\",\"target\":[\"https:\\\/\\\/simic-partnerji.si\\\/en\\\/contact\\\/\"]}]},{\"@type\":\"BreadcrumbList\",\"@id\":\"https:\\\/\\\/simic-partnerji.si\\\/en\\\/contact\\\/#breadcrumb\",\"itemListElement\":[{\"@type\":\"ListItem\",\"position\":1,\"name\":\"Home\",\"item\":\"https:\\\/\\\/simic-partnerji.si\\\/en\\\/\"},{\"@type\":\"ListItem\",\"position\":2,\"name\":\"Contact\"}]},{\"@type\":\"WebSite\",\"@id\":\"https:\\\/\\\/simic-partnerji.si\\\/en\\\/#website\",\"url\":\"https:\\\/\\\/simic-partnerji.si\\\/en\\\/\",\"name\":\"SIMI\u010c &amp; PARTNERJI d.o.o.\",\"description\":\"Strokovnjaki za dav\u010dne in ra\u010dunovodske re\u0161itve.\",\"publisher\":{\"@id\":\"https:\\\/\\\/simic-partnerji.si\\\/en\\\/#organization\"},\"potentialAction\":[{\"@type\":\"SearchAction\",\"target\":{\"@type\":\"EntryPoint\",\"urlTemplate\":\"https:\\\/\\\/simic-partnerji.si\\\/en\\\/?s={search_term_string}\"},\"query-input\":{\"@type\":\"PropertyValueSpecification\",\"valueRequired\":true,\"valueName\":\"search_term_string\"}}],\"inLanguage\":\"en-US\"},{\"@type\":\"Organization\",\"@id\":\"https:\\\/\\\/simic-partnerji.si\\\/en\\\/#organization\",\"name\":\"Simi\u010d & Partnerji d.o.o.\",\"url\":\"https:\\\/\\\/simic-partnerji.si\\\/en\\\/\",\"logo\":{\"@type\":\"ImageObject\",\"inLanguage\":\"en-US\",\"@id\":\"https:\\\/\\\/simic-partnerji.si\\\/en\\\/#\\\/schema\\\/logo\\\/image\\\/\",\"url\":\"https:\\\/\\\/simic-partnerji.si\\\/wp-content\\\/uploads\\\/2021\\\/10\\\/Logo_SP_brezR.png\",\"contentUrl\":\"https:\\\/\\\/simic-partnerji.si\\\/wp-content\\\/uploads\\\/2021\\\/10\\\/Logo_SP_brezR.png\",\"width\":227,\"height\":92,\"caption\":\"Simi\u010d & Partnerji d.o.o.\"},\"image\":{\"@id\":\"https:\\\/\\\/simic-partnerji.si\\\/en\\\/#\\\/schema\\\/logo\\\/image\\\/\"},\"sameAs\":[\"https:\\\/\\\/www.facebook.com\\\/simicpartnerji\\\/\"]}]}<\/script>\n<!-- \/ Yoast SEO plugin. -->","yoast_head_json":{"title":"Contacts for tax and accounting services - SIMI\u010c &amp; PARTNERJI d.o.o.","description":"For tax advice and accounting services or cooperation, contact us via our contact form, via e-mail or via telephone.","robots":{"index":"index","follow":"follow","max-snippet":"max-snippet:-1","max-image-preview":"max-image-preview:large","max-video-preview":"max-video-preview:-1"},"canonical":"https:\/\/simic-partnerji.si\/en\/contact\/","og_locale":"en_US","og_type":"article","og_title":"Contacts for tax and accounting services - SIMI\u010c &amp; PARTNERJI d.o.o.","og_description":"For tax advice and accounting services or cooperation, contact us via our contact form, via e-mail or via telephone.","og_url":"https:\/\/simic-partnerji.si\/en\/contact\/","og_site_name":"SIMI\u010c &amp; PARTNERJI d.o.o.","article_publisher":"https:\/\/www.facebook.com\/simicpartnerji\/","article_modified_time":"2021-11-04T08:06:47+00:00","twitter_card":"summary_large_image","twitter_misc":{"Est. reading time":"1 minute"},"schema":{"@context":"https:\/\/schema.org","@graph":[{"@type":"WebPage","@id":"https:\/\/simic-partnerji.si\/en\/contact\/","url":"https:\/\/simic-partnerji.si\/en\/contact\/","name":"Contacts for tax and accounting services - SIMI\u010c &amp; PARTNERJI d.o.o.","isPartOf":{"@id":"https:\/\/simic-partnerji.si\/en\/#website"},"datePublished":"2021-10-15T10:33:57+00:00","dateModified":"2021-11-04T08:06:47+00:00","description":"For tax advice and accounting services or cooperation, contact us via our contact form, via e-mail or via telephone.","breadcrumb":{"@id":"https:\/\/simic-partnerji.si\/en\/contact\/#breadcrumb"},"inLanguage":"en-US","potentialAction":[{"@type":"ReadAction","target":["https:\/\/simic-partnerji.si\/en\/contact\/"]}]},{"@type":"BreadcrumbList","@id":"https:\/\/simic-partnerji.si\/en\/contact\/#breadcrumb","itemListElement":[{"@type":"ListItem","position":1,"name":"Home","item":"https:\/\/simic-partnerji.si\/en\/"},{"@type":"ListItem","position":2,"name":"Contact"}]},{"@type":"WebSite","@id":"https:\/\/simic-partnerji.si\/en\/#website","url":"https:\/\/simic-partnerji.si\/en\/","name":"SIMI\u010c &amp; PARTNERJI d.o.o.","description":"Strokovnjaki za dav\u010dne in ra\u010dunovodske re\u0161itve.","publisher":{"@id":"https:\/\/simic-partnerji.si\/en\/#organization"},"potentialAction":[{"@type":"SearchAction","target":{"@type":"EntryPoint","urlTemplate":"https:\/\/simic-partnerji.si\/en\/?s={search_term_string}"},"query-input":{"@type":"PropertyValueSpecification","valueRequired":true,"valueName":"search_term_string"}}],"inLanguage":"en-US"},{"@type":"Organization","@id":"https:\/\/simic-partnerji.si\/en\/#organization","name":"Simi\u010d & Partnerji d.o.o.","url":"https:\/\/simic-partnerji.si\/en\/","logo":{"@type":"ImageObject","inLanguage":"en-US","@id":"https:\/\/simic-partnerji.si\/en\/#\/schema\/logo\/image\/","url":"https:\/\/simic-partnerji.si\/wp-content\/uploads\/2021\/10\/Logo_SP_brezR.png","contentUrl":"https:\/\/simic-partnerji.si\/wp-content\/uploads\/2021\/10\/Logo_SP_brezR.png","width":227,"height":92,"caption":"Simi\u010d & Partnerji d.o.o."},"image":{"@id":"https:\/\/simic-partnerji.si\/en\/#\/schema\/logo\/image\/"},"sameAs":["https:\/\/www.facebook.com\/simicpartnerji\/"]}]}},"_links":{"self":[{"href":"https:\/\/simic-partnerji.si\/en\/wp-json\/wp\/v2\/pages\/1841","targetHints":{"allow":["GET"]}}],"collection":[{"href":"https:\/\/simic-partnerji.si\/en\/wp-json\/wp\/v2\/pages"}],"about":[{"href":"https:\/\/simic-partnerji.si\/en\/wp-json\/wp\/v2\/types\/page"}],"author":[{"embeddable":true,"href":"https:\/\/simic-partnerji.si\/en\/wp-json\/wp\/v2\/users\/4"}],"replies":[{"embeddable":true,"href":"https:\/\/simic-partnerji.si\/en\/wp-json\/wp\/v2\/comments?post=1841"}],"version-history":[{"count":5,"href":"https:\/\/simic-partnerji.si\/en\/wp-json\/wp\/v2\/pages\/1841\/revisions"}],"predecessor-version":[{"id":2134,"href":"https:\/\/simic-partnerji.si\/en\/wp-json\/wp\/v2\/pages\/1841\/revisions\/2134"}],"wp:attachment":[{"href":"https:\/\/simic-partnerji.si\/en\/wp-json\/wp\/v2\/media?parent=1841"}],"curies":[{"name":"wp","href":"https:\/\/api.w.org\/{rel}","templated":true}]}}