{"id":1844,"date":"2021-10-15T10:34:12","date_gmt":"2021-10-15T10:34:12","guid":{"rendered":"http:\/\/simic-partnerji.si\/?page_id=1844"},"modified":"2021-11-04T07:56:54","modified_gmt":"2021-11-04T07:56:54","slug":"accounting","status":"publish","type":"page","link":"https:\/\/simic-partnerji.si\/en\/accounting\/","title":{"rendered":"Accounting"},"content":{"rendered":"\n\t<section class=\"section\" id=\"section_1280369495\">\n\t\t<div class=\"section-bg fill\" >\n\t\t\t\t\t\t\t\t\t\n\t\t\t\n\n\t\t<\/div>\n\n\t\t\n\n\t\t<div class=\"section-content relative\">\n\t\t\t\n<h1 class=\"page-tit2\" style=\"color: white;\">Accounting<\/h1>\n\t\t<\/div>\n\n\t\t\n<style>\n#section_1280369495 {\n  padding-top: 30px;\n  padding-bottom: 30px;\n  background-color: rgb(39, 39, 39);\n}\n<\/style>\n\t<\/section>\n\t\n\n\t<section class=\"section\" id=\"section_648416677\">\n\t\t<div class=\"section-bg fill\" >\n\t\t\t\t\t\t\t\t\t\n\t\t\t\n\n\t\t<\/div>\n\n\t\t\n\n\t\t<div class=\"section-content relative\">\n\t\t\t\n<div class=\"row row-d-s\" style=\"max-width:75%\" id=\"row-1451102783\">\n\n\t<div id=\"col-397144579\" class=\"col small-12 large-12\"  >\n\t\t\t\t<div class=\"col-inner\"  >\n\t\t\t\n\t\t\t\n<div class=\"row row-large row-full-width align-middle\"  id=\"row-1574310103\">\n\n\t<div id=\"col-830061273\" class=\"col medium-12 small-12 large-6\"  >\n\t\t\t\t<div class=\"col-inner\"  >\n\t\t\t\n\t\t\t\n<h2 class=\"page-tit3\" style=\"text-align: left;\">Accounting services with personal approach<\/h2>\n\t<div id=\"gap-1033531471\" class=\"gap-element clearfix\" style=\"display:block; height:auto;\">\n\t\t\n<style>\n#gap-1033531471 {\n  padding-top: 15px;\n}\n<\/style>\n\t<\/div>\n\t\n<p>We have personal individual approach and continually upgrading skills combine high quality services in the franchise group, and we are so close to the direct personal contact with the user, if necessary clamped in international flows and tax consultancy with extensive experience developing client support.<br \/>\u00a0<br \/>We have a modern information and communication technology, which in turn relieves our own, to the core business, oriented clients.<\/p>\n\t<div id=\"gap-1150654011\" class=\"gap-element clearfix\" style=\"display:block; height:auto;\">\n\t\t\n<style>\n#gap-1150654011 {\n  padding-top: 15px;\n}\n<\/style>\n\t<\/div>\n\t\n<a href=\"http:\/\/simic-partnerji.si\/en\/contact\/\" class=\"button primary red-btn clr-white\" >\n\t\t<span>SEND INQUIRY<\/span>\n\t<\/a>\n\n\t\t<\/div>\n\t\t\t\t\t<\/div>\n\n\t\n\n\t<div id=\"col-1428432235\" class=\"col medium-12 small-12 large-6\"  >\n\t\t\t\t<div class=\"col-inner text-center\"  >\n\t\t\t\n\t\t\t\n\t<div class=\"img has-hover x md-x lg-x y md-y lg-y\" id=\"image_17778188\">\n\t\t\t\t\t\t\t\t<div class=\"img-inner dark\" >\n\t\t\t<img decoding=\"async\" width=\"1020\" height=\"680\" src=\"https:\/\/simic-partnerji.si\/wp-content\/uploads\/2021\/10\/shutterstock_34124995-1200x800.jpg\" class=\"attachment-large size-large\" alt=\"\" srcset=\"https:\/\/simic-partnerji.si\/wp-content\/uploads\/2021\/10\/shutterstock_34124995-1200x800.jpg 1200w, https:\/\/simic-partnerji.si\/wp-content\/uploads\/2021\/10\/shutterstock_34124995-600x400.jpg 600w, https:\/\/simic-partnerji.si\/wp-content\/uploads\/2021\/10\/shutterstock_34124995-768x512.jpg 768w, https:\/\/simic-partnerji.si\/wp-content\/uploads\/2021\/10\/shutterstock_34124995-1536x1024.jpg 1536w, https:\/\/simic-partnerji.si\/wp-content\/uploads\/2021\/10\/shutterstock_34124995-2048x1365.jpg 2048w\" sizes=\"(max-width: 1020px) 100vw, 1020px\" \/>\t\t\t\t\t\t\n\t\t\t\t\t<\/div>\n\t\t\t\t\t\t\t\t\n<style>\n#image_17778188 {\n  width: 100%;\n}\n<\/style>\n\t<\/div>\n\t\n\t\t<\/div>\n\t\t\t\t\t<\/div>\n\n\t\n<\/div>\n\t<div id=\"gap-210022615\" class=\"gap-element clearfix hide-for-medium\" style=\"display:block; height:auto;\">\n\t\t\n<style>\n#gap-210022615 {\n  padding-top: 100px;\n}\n<\/style>\n\t<\/div>\n\t\n<div class=\"row row-large row-full-width align-middle\"  id=\"row-1571211885\">\n\n\t<div id=\"col-383424734\" class=\"col hide-for-medium medium-12 small-12 large-6\"  >\n\t\t\t\t<div class=\"col-inner text-center\"  >\n\t\t\t\n\t\t\t\n\t<div class=\"img has-hover x md-x lg-x y md-y lg-y\" id=\"image_600895226\">\n\t\t\t\t\t\t\t\t<div class=\"img-inner dark\" >\n\t\t\t<img decoding=\"async\" width=\"1020\" height=\"766\" src=\"https:\/\/simic-partnerji.si\/wp-content\/uploads\/2021\/10\/patrick-tomasso-nWvWBV0sv04-unsplash-1065x800.jpg\" class=\"attachment-large size-large\" alt=\"\" srcset=\"https:\/\/simic-partnerji.si\/wp-content\/uploads\/2021\/10\/patrick-tomasso-nWvWBV0sv04-unsplash-1065x800.jpg 1065w, https:\/\/simic-partnerji.si\/wp-content\/uploads\/2021\/10\/patrick-tomasso-nWvWBV0sv04-unsplash-533x400.jpg 533w, https:\/\/simic-partnerji.si\/wp-content\/uploads\/2021\/10\/patrick-tomasso-nWvWBV0sv04-unsplash-768x577.jpg 768w, https:\/\/simic-partnerji.si\/wp-content\/uploads\/2021\/10\/patrick-tomasso-nWvWBV0sv04-unsplash-1536x1153.jpg 1536w, https:\/\/simic-partnerji.si\/wp-content\/uploads\/2021\/10\/patrick-tomasso-nWvWBV0sv04-unsplash-2048x1538.jpg 2048w\" sizes=\"(max-width: 1020px) 100vw, 1020px\" \/>\t\t\t\t\t\t\n\t\t\t\t\t<\/div>\n\t\t\t\t\t\t\t\t\n<style>\n#image_600895226 {\n  width: 100%;\n}\n<\/style>\n\t<\/div>\n\t\n\t\t<\/div>\n\t\t\t\t\t<\/div>\n\n\t\n\n\t<div id=\"col-888020274\" class=\"col medium-12 small-12 large-6\"  >\n\t\t\t\t<div class=\"col-inner\"  >\n\t\t\t\n\t\t\t\n<h2 class=\"page-tit3\" style=\"text-align: left;\">Experts on all key areas<\/h2>\n\t<div id=\"gap-193693623\" class=\"gap-element clearfix\" style=\"display:block; height:auto;\">\n\t\t\n<style>\n#gap-193693623 {\n  padding-top: 15px;\n}\n<\/style>\n\t<\/div>\n\t\n<div class=\"plain\">\n<div align=\"justify\">We cover the areas of payroll, conducting basic and auxiliary books and records with modern IT support, conducting payment transactions, management accounting by cost center, production of annual reports, calculations of depreciation and revaluation of fixed assets, preparation of interim operating results, preparation of tax returns, accounting for taxes value added, accounting for personal income, benefits from remuneration, benefits, royalties duty under contracts, refund of contributions, accounting for income taxes, monitoring of receivables and liabilities, preparation of formal notice, compensation and IOP forms, calculation of interest and default interest, treasury management, intrastate reporting, preparation of financial accounts statistics, reporting to the Bank of Slovenia (SN, C, SK), preparation of documentation to obtain bank loans and other financial services at the request of the parties.<br \/>\u00a0<\/div>\n<\/div>\n\t\t<\/div>\n\t\t\t\t\t<\/div>\n\n\t\n<\/div>\n\t<div id=\"gap-532586983\" class=\"gap-element clearfix hide-for-medium\" style=\"display:block; height:auto;\">\n\t\t\n<style>\n#gap-532586983 {\n  padding-top: 100px;\n}\n<\/style>\n\t<\/div>\n\t\n<div class=\"row row-large row-full-width align-middle\"  id=\"row-1750332876\">\n\n\t<div id=\"col-164123272\" class=\"col medium-12 small-12 large-6\"  >\n\t\t\t\t<div class=\"col-inner\"  >\n\t\t\t\n\t\t\t\n<h2 class=\"page-tit3\" style=\"text-align: left;\">To whom are our services intended?<\/h2>\n\t<div id=\"gap-940320635\" class=\"gap-element clearfix\" style=\"display:block; height:auto;\">\n\t\t\n<style>\n#gap-940320635 {\n  padding-top: 15px;\n}\n<\/style>\n\t<\/div>\n\t\n<div class=\"plain\">\n<p>Storitve so namenjene pravnim in fizi\u010dnim osebam, ki \u017eelijo z nami, kot partnerji na podro\u010dju ra\u010dunovodstva, optimizirati svoje aktivnosti na na\u010din, da se lahko osredoto\u010dijo na svojo osnovno dejavnost.<\/p>\n<p>We offer:<\/p>\n<ul class=\"d-down\">\n<li>accounting services for sole proprietors<\/li>\n<li>financial services for small and medium d.o.o<\/li>\n<li>accounting services for d.d.<\/li>\n<li>accounting services for public administration<\/li>\n<li>accounting services for societies <\/li>\n<\/ul>\n<\/div>\n\t\t<\/div>\n\t\t\t\t\t<\/div>\n\n\t\n\n\t<div id=\"col-1656027709\" class=\"col medium-12 small-12 large-6\"  >\n\t\t\t\t<div class=\"col-inner text-center\"  >\n\t\t\t\n\t\t\t\n\t<div class=\"img has-hover x md-x lg-x y md-y lg-y\" id=\"image_1733886838\">\n\t\t\t\t\t\t\t\t<div class=\"img-inner dark\" >\n\t\t\t<img decoding=\"async\" width=\"1020\" height=\"717\" src=\"https:\/\/simic-partnerji.si\/wp-content\/uploads\/2021\/10\/kelly-sikkema-M98NRBuzbpc-unsplash-1-1138x800.jpg\" class=\"attachment-large size-large\" alt=\"\" srcset=\"https:\/\/simic-partnerji.si\/wp-content\/uploads\/2021\/10\/kelly-sikkema-M98NRBuzbpc-unsplash-1-1138x800.jpg 1138w, https:\/\/simic-partnerji.si\/wp-content\/uploads\/2021\/10\/kelly-sikkema-M98NRBuzbpc-unsplash-1-569x400.jpg 569w, https:\/\/simic-partnerji.si\/wp-content\/uploads\/2021\/10\/kelly-sikkema-M98NRBuzbpc-unsplash-1-768x540.jpg 768w, https:\/\/simic-partnerji.si\/wp-content\/uploads\/2021\/10\/kelly-sikkema-M98NRBuzbpc-unsplash-1-1536x1080.jpg 1536w, https:\/\/simic-partnerji.si\/wp-content\/uploads\/2021\/10\/kelly-sikkema-M98NRBuzbpc-unsplash-1-2048x1440.jpg 2048w\" sizes=\"(max-width: 1020px) 100vw, 1020px\" \/>\t\t\t\t\t\t\n\t\t\t\t\t<\/div>\n\t\t\t\t\t\t\t\t\n<style>\n#image_1733886838 {\n  width: 100%;\n}\n<\/style>\n\t<\/div>\n\t\n\t\t<\/div>\n\t\t\t\t\t<\/div>\n\n\t\n<\/div>\n\t\t<\/div>\n\t\t\t\t\t<\/div>\n\n\t\n<\/div>\n\t<div id=\"gap-1194853095\" class=\"gap-element clearfix\" style=\"display:block; height:auto;\">\n\t\t\n<style>\n#gap-1194853095 {\n  padding-top: 30px;\n}\n<\/style>\n\t<\/div>\n\t\n<div class=\"row\"  id=\"row-1074972436\">\n\n\t<div id=\"col-1376800880\" class=\"col p-off small-12 large-12\"  >\n\t\t\t\t<div class=\"col-inner text-center\"  >\n\t\t\t\n\t\t\t\n<a href=\"http:\/\/simic-partnerji.si\/en\/contact\/\" class=\"button primary red-btn clr-white\" >\n\t\t<span>send inquiry<\/span>\n\t<\/a>\n\n\t\t<\/div>\n\t\t\t\t\t<\/div>\n\n\t\n<\/div>\n\t\t<\/div>\n\n\t\t\n<style>\n#section_648416677 {\n  padding-top: 75px;\n  padding-bottom: 75px;\n}\n<\/style>\n\t<\/section>\n\t\n","protected":false},"excerpt":{"rendered":"","protected":false},"author":4,"featured_media":0,"parent":0,"menu_order":0,"comment_status":"closed","ping_status":"closed","template":"page-blank.php","meta":{"footnotes":""},"class_list":["post-1844","page","type-page","status-publish","hentry"],"yoast_head":"<!-- This site is optimized with the Yoast SEO plugin v27.4 - https:\/\/yoast.com\/product\/yoast-seo-wordpress\/ -->\n<title>Accounting services with personal approach - SIMI\u010c &amp; PARTNERJI d.o.o.<\/title>\n<meta name=\"description\" content=\"We offer accounting services with a personal approach, covering all key accounting areas and intended for individuals and legal entities.\" \/>\n<meta name=\"robots\" content=\"index, follow, max-snippet:-1, max-image-preview:large, max-video-preview:-1\" \/>\n<link rel=\"canonical\" href=\"https:\/\/simic-partnerji.si\/en\/accounting\/\" \/>\n<meta property=\"og:locale\" content=\"en_US\" \/>\n<meta property=\"og:type\" content=\"article\" \/>\n<meta property=\"og:title\" content=\"Accounting services with personal approach - SIMI\u010c &amp; PARTNERJI d.o.o.\" \/>\n<meta property=\"og:description\" content=\"We offer accounting services with a personal approach, covering all key accounting areas and intended for individuals and legal entities.\" \/>\n<meta property=\"og:url\" content=\"https:\/\/simic-partnerji.si\/en\/accounting\/\" \/>\n<meta property=\"og:site_name\" content=\"SIMI\u010c &amp; PARTNERJI d.o.o.\" \/>\n<meta property=\"article:publisher\" content=\"https:\/\/www.facebook.com\/simicpartnerji\/\" \/>\n<meta property=\"article:modified_time\" content=\"2021-11-04T07:56:54+00:00\" \/>\n<meta name=\"twitter:card\" content=\"summary_large_image\" \/>\n<meta name=\"twitter:label1\" content=\"Est. reading time\" \/>\n\t<meta name=\"twitter:data1\" content=\"2 minutes\" \/>\n<script type=\"application\/ld+json\" class=\"yoast-schema-graph\">{\"@context\":\"https:\\\/\\\/schema.org\",\"@graph\":[{\"@type\":\"WebPage\",\"@id\":\"https:\\\/\\\/simic-partnerji.si\\\/en\\\/accounting\\\/\",\"url\":\"https:\\\/\\\/simic-partnerji.si\\\/en\\\/accounting\\\/\",\"name\":\"Accounting services with personal approach - SIMI\u010c &amp; PARTNERJI d.o.o.\",\"isPartOf\":{\"@id\":\"https:\\\/\\\/simic-partnerji.si\\\/en\\\/#website\"},\"datePublished\":\"2021-10-15T10:34:12+00:00\",\"dateModified\":\"2021-11-04T07:56:54+00:00\",\"description\":\"We offer accounting services with a personal approach, covering all key accounting areas and intended for individuals and legal entities.\",\"breadcrumb\":{\"@id\":\"https:\\\/\\\/simic-partnerji.si\\\/en\\\/accounting\\\/#breadcrumb\"},\"inLanguage\":\"en-US\",\"potentialAction\":[{\"@type\":\"ReadAction\",\"target\":[\"https:\\\/\\\/simic-partnerji.si\\\/en\\\/accounting\\\/\"]}]},{\"@type\":\"BreadcrumbList\",\"@id\":\"https:\\\/\\\/simic-partnerji.si\\\/en\\\/accounting\\\/#breadcrumb\",\"itemListElement\":[{\"@type\":\"ListItem\",\"position\":1,\"name\":\"Home\",\"item\":\"https:\\\/\\\/simic-partnerji.si\\\/en\\\/\"},{\"@type\":\"ListItem\",\"position\":2,\"name\":\"Accounting\"}]},{\"@type\":\"WebSite\",\"@id\":\"https:\\\/\\\/simic-partnerji.si\\\/en\\\/#website\",\"url\":\"https:\\\/\\\/simic-partnerji.si\\\/en\\\/\",\"name\":\"SIMI\u010c &amp; PARTNERJI d.o.o.\",\"description\":\"Strokovnjaki za dav\u010dne in ra\u010dunovodske re\u0161itve.\",\"publisher\":{\"@id\":\"https:\\\/\\\/simic-partnerji.si\\\/en\\\/#organization\"},\"potentialAction\":[{\"@type\":\"SearchAction\",\"target\":{\"@type\":\"EntryPoint\",\"urlTemplate\":\"https:\\\/\\\/simic-partnerji.si\\\/en\\\/?s={search_term_string}\"},\"query-input\":{\"@type\":\"PropertyValueSpecification\",\"valueRequired\":true,\"valueName\":\"search_term_string\"}}],\"inLanguage\":\"en-US\"},{\"@type\":\"Organization\",\"@id\":\"https:\\\/\\\/simic-partnerji.si\\\/en\\\/#organization\",\"name\":\"Simi\u010d & Partnerji d.o.o.\",\"url\":\"https:\\\/\\\/simic-partnerji.si\\\/en\\\/\",\"logo\":{\"@type\":\"ImageObject\",\"inLanguage\":\"en-US\",\"@id\":\"https:\\\/\\\/simic-partnerji.si\\\/en\\\/#\\\/schema\\\/logo\\\/image\\\/\",\"url\":\"https:\\\/\\\/simic-partnerji.si\\\/wp-content\\\/uploads\\\/2021\\\/10\\\/Logo_SP_brezR.png\",\"contentUrl\":\"https:\\\/\\\/simic-partnerji.si\\\/wp-content\\\/uploads\\\/2021\\\/10\\\/Logo_SP_brezR.png\",\"width\":227,\"height\":92,\"caption\":\"Simi\u010d & Partnerji d.o.o.\"},\"image\":{\"@id\":\"https:\\\/\\\/simic-partnerji.si\\\/en\\\/#\\\/schema\\\/logo\\\/image\\\/\"},\"sameAs\":[\"https:\\\/\\\/www.facebook.com\\\/simicpartnerji\\\/\"]}]}<\/script>\n<!-- \/ Yoast SEO plugin. -->","yoast_head_json":{"title":"Accounting services with personal approach - SIMI\u010c &amp; PARTNERJI d.o.o.","description":"We offer accounting services with a personal approach, covering all key accounting areas and intended for individuals and legal entities.","robots":{"index":"index","follow":"follow","max-snippet":"max-snippet:-1","max-image-preview":"max-image-preview:large","max-video-preview":"max-video-preview:-1"},"canonical":"https:\/\/simic-partnerji.si\/en\/accounting\/","og_locale":"en_US","og_type":"article","og_title":"Accounting services with personal approach - SIMI\u010c &amp; PARTNERJI d.o.o.","og_description":"We offer accounting services with a personal approach, covering all key accounting areas and intended for individuals and legal entities.","og_url":"https:\/\/simic-partnerji.si\/en\/accounting\/","og_site_name":"SIMI\u010c &amp; PARTNERJI d.o.o.","article_publisher":"https:\/\/www.facebook.com\/simicpartnerji\/","article_modified_time":"2021-11-04T07:56:54+00:00","twitter_card":"summary_large_image","twitter_misc":{"Est. reading time":"2 minutes"},"schema":{"@context":"https:\/\/schema.org","@graph":[{"@type":"WebPage","@id":"https:\/\/simic-partnerji.si\/en\/accounting\/","url":"https:\/\/simic-partnerji.si\/en\/accounting\/","name":"Accounting services with personal approach - SIMI\u010c &amp; PARTNERJI d.o.o.","isPartOf":{"@id":"https:\/\/simic-partnerji.si\/en\/#website"},"datePublished":"2021-10-15T10:34:12+00:00","dateModified":"2021-11-04T07:56:54+00:00","description":"We offer accounting services with a personal approach, covering all key accounting areas and intended for individuals and legal entities.","breadcrumb":{"@id":"https:\/\/simic-partnerji.si\/en\/accounting\/#breadcrumb"},"inLanguage":"en-US","potentialAction":[{"@type":"ReadAction","target":["https:\/\/simic-partnerji.si\/en\/accounting\/"]}]},{"@type":"BreadcrumbList","@id":"https:\/\/simic-partnerji.si\/en\/accounting\/#breadcrumb","itemListElement":[{"@type":"ListItem","position":1,"name":"Home","item":"https:\/\/simic-partnerji.si\/en\/"},{"@type":"ListItem","position":2,"name":"Accounting"}]},{"@type":"WebSite","@id":"https:\/\/simic-partnerji.si\/en\/#website","url":"https:\/\/simic-partnerji.si\/en\/","name":"SIMI\u010c &amp; PARTNERJI d.o.o.","description":"Strokovnjaki za dav\u010dne in ra\u010dunovodske re\u0161itve.","publisher":{"@id":"https:\/\/simic-partnerji.si\/en\/#organization"},"potentialAction":[{"@type":"SearchAction","target":{"@type":"EntryPoint","urlTemplate":"https:\/\/simic-partnerji.si\/en\/?s={search_term_string}"},"query-input":{"@type":"PropertyValueSpecification","valueRequired":true,"valueName":"search_term_string"}}],"inLanguage":"en-US"},{"@type":"Organization","@id":"https:\/\/simic-partnerji.si\/en\/#organization","name":"Simi\u010d & Partnerji d.o.o.","url":"https:\/\/simic-partnerji.si\/en\/","logo":{"@type":"ImageObject","inLanguage":"en-US","@id":"https:\/\/simic-partnerji.si\/en\/#\/schema\/logo\/image\/","url":"https:\/\/simic-partnerji.si\/wp-content\/uploads\/2021\/10\/Logo_SP_brezR.png","contentUrl":"https:\/\/simic-partnerji.si\/wp-content\/uploads\/2021\/10\/Logo_SP_brezR.png","width":227,"height":92,"caption":"Simi\u010d & Partnerji d.o.o."},"image":{"@id":"https:\/\/simic-partnerji.si\/en\/#\/schema\/logo\/image\/"},"sameAs":["https:\/\/www.facebook.com\/simicpartnerji\/"]}]}},"_links":{"self":[{"href":"https:\/\/simic-partnerji.si\/en\/wp-json\/wp\/v2\/pages\/1844","targetHints":{"allow":["GET"]}}],"collection":[{"href":"https:\/\/simic-partnerji.si\/en\/wp-json\/wp\/v2\/pages"}],"about":[{"href":"https:\/\/simic-partnerji.si\/en\/wp-json\/wp\/v2\/types\/page"}],"author":[{"embeddable":true,"href":"https:\/\/simic-partnerji.si\/en\/wp-json\/wp\/v2\/users\/4"}],"replies":[{"embeddable":true,"href":"https:\/\/simic-partnerji.si\/en\/wp-json\/wp\/v2\/comments?post=1844"}],"version-history":[{"count":5,"href":"https:\/\/simic-partnerji.si\/en\/wp-json\/wp\/v2\/pages\/1844\/revisions"}],"predecessor-version":[{"id":1993,"href":"https:\/\/simic-partnerji.si\/en\/wp-json\/wp\/v2\/pages\/1844\/revisions\/1993"}],"wp:attachment":[{"href":"https:\/\/simic-partnerji.si\/en\/wp-json\/wp\/v2\/media?parent=1844"}],"curies":[{"name":"wp","href":"https:\/\/api.w.org\/{rel}","templated":true}]}}